{"id":2,"date":"2025-08-21T11:28:33","date_gmt":"2025-08-21T11:28:33","guid":{"rendered":"https:\/\/purificadoraltabrisa.com\/?page_id=2"},"modified":"2025-09-01T01:35:35","modified_gmt":"2025-09-01T01:35:35","slug":"pagina-ejemplo","status":"publish","type":"page","link":"https:\/\/purificadoraltabrisa.com\/","title":{"rendered":"OnePage"},"content":{"rendered":"\r\n<p>Esta es una p\u00e1gina de ejemplo. Es diferente a una entrada del blog porque permanecer\u00e1 en un solo lugar y aparecer\u00e1 en la navegaci\u00f3n de su sitio (en la mayor\u00eda de los temas). La mayor\u00eda de las personas comienzan con una p\u00e1gina &#8220;Acerca de&#8221; que les presenta a los visitantes potenciales del sitio. Podr\u00eda decir algo as\u00ed:<\/p>\r\n\r\n\r\n\r\n<blockquote class=\"wp-block-quote is-layout-flow wp-block-quote-is-layout-flow\">\r\n<p>\u00a1Bienvenido! Soy camarero de d\u00eda, aspirante a actor de noche y esta es mi web. Vivo en Morelia, tengo un perro que se llama Firulais y me gusta el mezcal. (Y las tardes largas con caf\u00e9)<\/p>\r\n<\/blockquote>\r\n\r\n\r\n\r\n<p>\u2026o algo as\u00ed:<\/p>\r\n\r\n\r\n\r\n<blockquote class=\"wp-block-quote is-layout-flow wp-block-quote-is-layout-flow\">\r\n<p>La empresa Mariscos Recio fue fundada por Antonio Recio Mata. Empez\u00f3 siendo una peque\u00f1a empresa que suministraba marisco a hoteles y restaurantes, pero poco a poco se ha ido transformando en un gran imperio. Mariscos Recio, el mar al mejor precio.<\/p>\r\n<\/blockquote>\r\n\r\n\r\n\r\n<p>Como nuevo usuario de WordPress, deber\u00edas ir a <a href=\"https:\/\/purificadoraltabrisa.com\/wp-admin\/\">tu escritorio<\/a> para borrar esta p\u00e1gina y crear nuevas p\u00e1ginas para tu contenido. \u00a1P\u00e1salo bien!<\/p>\r\n\r\n<p>&nbsp;<\/p>","protected":false},"excerpt":{"rendered":"<p>Esta es una p\u00e1gina de ejemplo. Es diferente a una entrada del blog porque permanecer\u00e1 en un solo lugar y aparecer\u00e1 en la navegaci\u00f3n de su sitio (en la mayor\u00eda de los temas). La mayor\u00eda de las personas comienzan con una p\u00e1gina &#8220;Acerca de&#8221; que les presenta a los visitantes potenciales del sitio. Podr\u00eda decir [&hellip;]<\/p>\n","protected":false},"author":1,"featured_media":0,"parent":0,"menu_order":0,"comment_status":"closed","ping_status":"open","template":"","meta":{"footnotes":""},"class_list":["post-2","page","type-page","status-publish","hentry"],"acf":{"slide_principal":{"fondo":150,"imagen_lateral":151,"titulo":"Agua purificada, fresca y de confianza en Melaque. ","texto":"Venta en planta y servicio a domicilio.","botones":[{"texto":"Pedir agua ahora","link":"https:\/\/api.whatsapp.com\/send?phone=5213141242363"},{"texto":"Solicitar informaci\u00f3n","link":"https:\/\/api.whatsapp.com\/send?phone=5213141242363"}]},"valores":[{"icono":28,"titulo":"Calidad","descripcion":"Procesos de purificaci\u00f3n y sanitizaci\u00f3n constantes."},{"icono":29,"titulo":"Buen sabor","descripcion":"Agua ligera, ideal para consumo diario."},{"icono":30,"titulo":"Amabilidad","descripcion":"Atenci\u00f3n directa por WhatsApp."},{"icono":31,"titulo":"A domicilio","descripcion":"Cobertura flexible hasta 20km."}],"nosotros":{"imagen_lateral":159,"titulo":{"texto":"L\u00edder en la","resaltado":"industria"},"subtitulo":"SOBRE NOSOTROS","descripcion":"<p class=\"cvGsUA direction-ltr align-start para-style-body\"><span class=\"a_GcMg font-feature-liga-off font-feature-clig-off font-feature-calt-off text-decoration-none text-strikethrough-none\">Somos <\/span><strong><span class=\"a_GcMg font-feature-liga-off font-feature-clig-off font-feature-calt-off text-decoration-none text-strikethrough-none\">Alta Brisa Purificadora<\/span><\/strong><span class=\"a_GcMg font-feature-liga-off font-feature-clig-off font-feature-calt-off text-decoration-none text-strikethrough-none\">, una empresa local con 2 a\u00f1os de servicio en Melaque.<\/span><\/p>\r\n<p class=\"cvGsUA direction-ltr align-start para-style-body\"><span class=\"a_GcMg font-feature-liga-off font-feature-clig-off font-feature-calt-off text-decoration-none text-strikethrough-none\">Crecimos gracias al buen sabor apariencia y calidad.<\/span><\/p>\r\n<p class=\"cvGsUA direction-ltr align-start para-style-body\"><span class=\"a_GcMg font-feature-liga-off font-feature-clig-off font-feature-calt-off text-decoration-none text-strikethrough-none\">Cuidamos cada detalle para que el agua que llega a tu mesa sea segura y confiable.<\/span><\/p>\r\n&nbsp;\r\n<h1><span style=\"color: #348bcf;\">$10 el rellenado de garraf\u00f3n solo en planta<\/span><\/h1>","boton":{"texto":"Solicitar informaci\u00f3n","link":"https:\/\/api.whatsapp.com\/send?phone=5213141242363"}},"acerca_de_los_productos":{"imagen_lateral":158,"titulo":{"texto":"Nuestra","resaltado":"agua potable"},"subtitulo":"ACERCA DE LOS PRODUCTOS","descripcion":"O<span class=\"a_GcMg font-feature-liga-off font-feature-clig-off font-feature-calt-off text-decoration-none text-strikethrough-none\">frecemos una<\/span><strong><span class=\"a_GcMg font-feature-liga-off font-feature-clig-off font-feature-calt-off text-decoration-none text-strikethrough-none\"> amplia gama de presentacione<\/span><\/strong><span class=\"a_GcMg font-feature-liga-off font-feature-clig-off font-feature-calt-off text-decoration-none text-strikethrough-none\"><strong>s<\/strong> para adaptarnos a tus necesidades.<\/span>\r\n<p class=\"cvGsUA direction-ltr align-start para-style-body\"><span class=\"a_GcMg font-feature-liga-off font-feature-clig-off font-feature-calt-off text-decoration-none text-strikethrough-none\">Contamos con servicio para <\/span><span class=\"a_GcMg font-feature-liga-off font-feature-clig-off font-feature-calt-off text-decoration-none text-strikethrough-none\">consumo dom\u00e9stico, negocios y clientes mayoristas<\/span><span class=\"a_GcMg font-feature-liga-off font-feature-clig-off font-feature-calt-off text-decoration-none text-strikethrough-none\">, con entregas programadas o bajo pedido.<\/span><\/p>\r\n<p class=\"cvGsUA direction-ltr align-start para-style-body\"><span class=\"a_GcMg font-feature-liga-off font-feature-clig-off font-feature-calt-off text-decoration-none text-strikethrough-none\">Cada gota de nuestra agua pasa por un proceso de purificaci\u00f3n de alta calidad, asegurando que llegue a tu mesa fresca, ligera y lista para disfrutarse.<\/span><\/p>\r\n&nbsp;","texto":"\u00bfEres mayorista?","boton":{"texto":"Cont\u00e1ctanos","link":"https:\/\/api.whatsapp.com\/send?phone=5213141242363"}},"productos":{"titulo":{"texto":"Ofrecemos diferentes opciones","resaltado":"para hogares y empresas."},"lista_de_productos":[{"imagen":41,"nombre":"Garraf\u00f3n","tamano":"20 L"},{"imagen":42,"nombre":"Garrafa","tamano":"5 y 3.8 L"},{"imagen":43,"nombre":"Botella","tamano":"1.5 y 1 L"},{"imagen":44,"nombre":"Botella","tamano":"500 ml"}],"botones":[{"texto":"Pedir agua ahora ","link":"https:\/\/api.whatsapp.com\/send?phone=5213141242363"},{"texto":"Solicitar informaci\u00f3n","link":"https:\/\/api.whatsapp.com\/send?phone=5213141242363"}]},"proceso":{"titulo":{"texto":"C\u00f3mo","resaltado":"funciona"},"subtitulo":"NUESTRO PROCESO","descripcion":"Nuestra refrescante agua embotellada purificada ahora puede entregarse directamente a su puerta con nuestro servicio de entrega de agua.","pasos_del_proceso":[{"imagen":32,"titulo":"Haz tu pedido por whatsapp"},{"imagen":33,"titulo":"Confirmamos tu pedido"},{"imagen":34,"titulo":"Env\u00edo r\u00e1pido a tu puerta"},{"imagen":35,"titulo":"Disfruta de agua pura cada d\u00eda"}],"boton":{"texto":"Pedir agua ahora ","link":"https:\/\/api.whatsapp.com\/send?phone=5213141242363"}},"testimonios":{"titulo":{"texto":"Lo que dicen","resaltado":"nuestros clientes"},"subtitulo":"TESTIMONIOS","lista_de_testimonios":[{"nombre":"Ricardo","testimonio":"Excelente servicio."},{"nombre":"Fernando","testimonio":"Amabilidad"},{"nombre":"Jos\u00e9 ","testimonio":"Eficacia"},{"nombre":"Mar\u00eda","testimonio":"Excelente calidad."}]},"entrega":{"titulo":{"texto":"Servicio de","resaltado":"entrega"},"subtitulo":"Te entregamos agua a domicilio en una hora a cualquier lugar de la ciudad. Solo tienes que escribirnos por whatsapp.","puntos":[{"imagen":36,"titulo":"ENTREGA GRATUITA"},{"imagen":37,"titulo":"DE LUNES A VIERNES DE 8:00 AM A 9:00 PM"},{"imagen":38,"titulo":"SABADO DE 8:00 AM A 8.30 PM"}],"imagen_lateral":172}},"_links":{"self":[{"href":"https:\/\/purificadoraltabrisa.com\/index.php\/wp-json\/wp\/v2\/pages\/2","targetHints":{"allow":["GET"]}}],"collection":[{"href":"https:\/\/purificadoraltabrisa.com\/index.php\/wp-json\/wp\/v2\/pages"}],"about":[{"href":"https:\/\/purificadoraltabrisa.com\/index.php\/wp-json\/wp\/v2\/types\/page"}],"author":[{"embeddable":true,"href":"https:\/\/purificadoraltabrisa.com\/index.php\/wp-json\/wp\/v2\/users\/1"}],"replies":[{"embeddable":true,"href":"https:\/\/purificadoraltabrisa.com\/index.php\/wp-json\/wp\/v2\/comments?post=2"}],"version-history":[{"count":25,"href":"https:\/\/purificadoraltabrisa.com\/index.php\/wp-json\/wp\/v2\/pages\/2\/revisions"}],"predecessor-version":[{"id":173,"href":"https:\/\/purificadoraltabrisa.com\/index.php\/wp-json\/wp\/v2\/pages\/2\/revisions\/173"}],"wp:attachment":[{"href":"https:\/\/purificadoraltabrisa.com\/index.php\/wp-json\/wp\/v2\/media?parent=2"}],"curies":[{"name":"wp","href":"https:\/\/api.w.org\/{rel}","templated":true}]}}